{"id":1709,"date":"2025-03-06T11:03:06","date_gmt":"2025-03-06T11:03:06","guid":{"rendered":"https:\/\/szentbernatalapitvany.hu\/?page_id=1709"},"modified":"2025-03-07T11:01:37","modified_gmt":"2025-03-07T11:01:37","slug":"palyazati-beszamolok","status":"publish","type":"page","link":"https:\/\/szentbernatalapitvany.hu\/?page_id=1709","title":{"rendered":"P\u00e1ly\u00e1zati besz\u00e1mol\u00f3k"},"content":{"rendered":"\t\t<div data-elementor-type=\"wp-page\" data-elementor-id=\"1709\" class=\"elementor elementor-1709\">\n\t\t\t\t\t\t\t\t\t<section class=\"elementor-section elementor-top-section elementor-element elementor-element-98dbab2 elementor-section-height-min-height elementor-section-boxed elementor-section-height-default elementor-section-items-middle\" data-id=\"98dbab2\" data-element_type=\"section\" data-settings=\"{&quot;background_background&quot;:&quot;classic&quot;}\">\n\t\t\t\t\t\t\t<div class=\"elementor-background-overlay\"><\/div>\n\t\t\t\t\t\t\t<div class=\"elementor-container elementor-column-gap-default\">\n\t\t\t\t\t<div class=\"elementor-column elementor-col-100 elementor-top-column elementor-element elementor-element-33cfa05\" data-id=\"33cfa05\" data-element_type=\"column\">\n\t\t\t<div class=\"elementor-widget-wrap elementor-element-populated\">\n\t\t\t\t\t\t\t\t<div class=\"elementor-element elementor-element-d4cf7af elementor-widget elementor-widget-heading\" data-id=\"d4cf7af\" data-element_type=\"widget\" data-widget_type=\"heading.default\">\n\t\t\t\t<div class=\"elementor-widget-container\">\n\t\t\t<style>\/*! elementor - v3.11.2 - 22-02-2023 *\/\n.elementor-heading-title{padding:0;margin:0;line-height:1}.elementor-widget-heading .elementor-heading-title[class*=elementor-size-]>a{color:inherit;font-size:inherit;line-height:inherit}.elementor-widget-heading .elementor-heading-title.elementor-size-small{font-size:15px}.elementor-widget-heading .elementor-heading-title.elementor-size-medium{font-size:19px}.elementor-widget-heading .elementor-heading-title.elementor-size-large{font-size:29px}.elementor-widget-heading .elementor-heading-title.elementor-size-xl{font-size:39px}.elementor-widget-heading .elementor-heading-title.elementor-size-xxl{font-size:59px}<\/style><h1 class=\"elementor-heading-title elementor-size-default\">P\u00e1ly\u00e1zati besz\u00e1mol\u00f3k<\/h1>\t\t<\/div>\n\t\t\t\t<\/div>\n\t\t\t\t\t<\/div>\n\t\t<\/div>\n\t\t\t\t\t\t\t<\/div>\n\t\t<\/section>\n\t\t\t\t<section class=\"elementor-section elementor-top-section elementor-element elementor-element-3f95aa2 elementor-section-height-min-height elementor-section-boxed elementor-section-height-default elementor-section-items-middle\" data-id=\"3f95aa2\" data-element_type=\"section\" data-settings=\"{&quot;background_background&quot;:&quot;classic&quot;}\">\n\t\t\t\t\t\t\t<div class=\"elementor-background-overlay\"><\/div>\n\t\t\t\t\t\t\t<div class=\"elementor-container elementor-column-gap-default\">\n\t\t\t\t\t<div class=\"elementor-column elementor-col-100 elementor-top-column elementor-element elementor-element-63e61cb\" data-id=\"63e61cb\" data-element_type=\"column\" data-settings=\"{&quot;background_background&quot;:&quot;classic&quot;}\">\n\t\t\t<div class=\"elementor-widget-wrap elementor-element-populated\">\n\t\t\t\t\t\t\t\t<div class=\"elementor-element elementor-element-d65d401 elementor-widget elementor-widget-heading\" data-id=\"d65d401\" data-element_type=\"widget\" data-widget_type=\"heading.default\">\n\t\t\t\t<div class=\"elementor-widget-container\">\n\t\t\t<h2 class=\"elementor-heading-title elementor-size-default\">Szent Bern\u00e1t Alap\u00edtv\u00e1ny \u00f6szt\u00f6nd\u00edj program<br>k\u00f6z\u00e9piskol\u00e1soknak\n2024\/2025<\/h2>\t\t<\/div>\n\t\t\t\t<\/div>\n\t\t\t\t<div class=\"elementor-element elementor-element-c107674 elementor-widget elementor-widget-text-editor\" data-id=\"c107674\" data-element_type=\"widget\" data-widget_type=\"text-editor.default\">\n\t\t\t\t<div class=\"elementor-widget-container\">\n\t\t\t<style>\/*! elementor - v3.11.2 - 22-02-2023 *\/\n.elementor-widget-text-editor.elementor-drop-cap-view-stacked .elementor-drop-cap{background-color:#818a91;color:#fff}.elementor-widget-text-editor.elementor-drop-cap-view-framed .elementor-drop-cap{color:#818a91;border:3px solid;background-color:transparent}.elementor-widget-text-editor:not(.elementor-drop-cap-view-default) .elementor-drop-cap{margin-top:8px}.elementor-widget-text-editor:not(.elementor-drop-cap-view-default) .elementor-drop-cap-letter{width:1em;height:1em}.elementor-widget-text-editor .elementor-drop-cap{float:left;text-align:center;line-height:1;font-size:50px}.elementor-widget-text-editor .elementor-drop-cap-letter{display:inline-block}<\/style>\t\t\t\t<p><b>A p\u00e1ly\u00e1zatot \u00f6t di\u00e1k nyerte el:<\/b><\/p>\n<p><b><i>Varga J\u00falia<\/i><\/b><\/p>\n<p><b><i>Szigetv\u00e1ri Demeter<\/i><\/b><\/p>\n<p><b><i>Horv\u00e1th Andr\u00e1s<\/i><\/b><\/p>\n<p><b><i>Feinek Fruzsina<\/i><\/b><\/p>\n<p><b><i>Gyulai M\u00e1rton<\/i><\/b><\/p>\n<p><\/p>\t\t\t\t\t\t<\/div>\n\t\t\t\t<\/div>\n\t\t\t\t\t<\/div>\n\t\t<\/div>\n\t\t\t\t\t\t\t<\/div>\n\t\t<\/section>\n\t\t\t\t<section class=\"elementor-section elementor-top-section elementor-element elementor-element-348a6c8 elementor-section-boxed elementor-section-height-default elementor-section-height-default\" data-id=\"348a6c8\" data-element_type=\"section\">\n\t\t\t\t\t\t\t<div class=\"elementor-background-overlay\"><\/div>\n\t\t\t\t\t\t\t<div class=\"elementor-container elementor-column-gap-default\">\n\t\t\t\t\t<div class=\"elementor-column elementor-col-33 elementor-top-column elementor-element elementor-element-786226d\" data-id=\"786226d\" data-element_type=\"column\">\n\t\t\t<div class=\"elementor-widget-wrap elementor-element-populated\">\n\t\t\t\t\t\t\t\t<div class=\"elementor-element elementor-element-35380e8 elementor-invisible elementor-widget elementor-widget-image\" data-id=\"35380e8\" data-element_type=\"widget\" data-settings=\"{&quot;_animation&quot;:&quot;slideInLeft&quot;}\" data-widget_type=\"image.default\">\n\t\t\t\t<div class=\"elementor-widget-container\">\n\t\t\t<style>\/*! elementor - v3.11.2 - 22-02-2023 *\/\n.elementor-widget-image{text-align:center}.elementor-widget-image a{display:inline-block}.elementor-widget-image a img[src$=\".svg\"]{width:48px}.elementor-widget-image img{vertical-align:middle;display:inline-block}<\/style>\t\t\t\t\t\t\t\t\t\t\t\t<img loading=\"lazy\" decoding=\"async\" width=\"1024\" height=\"768\" src=\"https:\/\/szentbernatalapitvany.hu\/wp-content\/uploads\/2025\/03\/IMG_0707-1024x768.jpeg\" class=\"attachment-large size-large wp-image-1712\" alt=\"\" srcset=\"https:\/\/szentbernatalapitvany.hu\/wp-content\/uploads\/2025\/03\/IMG_0707-1024x768.jpeg 1024w, https:\/\/szentbernatalapitvany.hu\/wp-content\/uploads\/2025\/03\/IMG_0707-300x225.jpeg 300w, https:\/\/szentbernatalapitvany.hu\/wp-content\/uploads\/2025\/03\/IMG_0707-768x576.jpeg 768w, https:\/\/szentbernatalapitvany.hu\/wp-content\/uploads\/2025\/03\/IMG_0707-1536x1152.jpeg 1536w, https:\/\/szentbernatalapitvany.hu\/wp-content\/uploads\/2025\/03\/IMG_0707.jpeg 2048w\" sizes=\"auto, (max-width: 1024px) 100vw, 1024px\" \/>\t\t\t\t\t\t\t\t\t\t\t\t\t\t\t<\/div>\n\t\t\t\t<\/div>\n\t\t\t\t\t<\/div>\n\t\t<\/div>\n\t\t\t\t<div class=\"elementor-column elementor-col-33 elementor-top-column elementor-element elementor-element-5e92ab4\" data-id=\"5e92ab4\" data-element_type=\"column\">\n\t\t\t<div class=\"elementor-widget-wrap elementor-element-populated\">\n\t\t\t\t\t\t\t\t<div class=\"elementor-element elementor-element-d698e5a elementor-invisible elementor-widget elementor-widget-image\" data-id=\"d698e5a\" data-element_type=\"widget\" data-settings=\"{&quot;_animation&quot;:&quot;slideInUp&quot;}\" data-widget_type=\"image.default\">\n\t\t\t\t<div class=\"elementor-widget-container\">\n\t\t\t\t\t\t\t\t\t\t\t\t\t\t\t<img loading=\"lazy\" decoding=\"async\" width=\"1024\" height=\"768\" src=\"https:\/\/szentbernatalapitvany.hu\/wp-content\/uploads\/2025\/03\/IMG_0708-1024x768.jpeg\" class=\"attachment-large size-large wp-image-1713\" alt=\"\" srcset=\"https:\/\/szentbernatalapitvany.hu\/wp-content\/uploads\/2025\/03\/IMG_0708-1024x768.jpeg 1024w, https:\/\/szentbernatalapitvany.hu\/wp-content\/uploads\/2025\/03\/IMG_0708-300x225.jpeg 300w, https:\/\/szentbernatalapitvany.hu\/wp-content\/uploads\/2025\/03\/IMG_0708-768x576.jpeg 768w, https:\/\/szentbernatalapitvany.hu\/wp-content\/uploads\/2025\/03\/IMG_0708-1536x1152.jpeg 1536w, https:\/\/szentbernatalapitvany.hu\/wp-content\/uploads\/2025\/03\/IMG_0708.jpeg 2048w\" sizes=\"auto, (max-width: 1024px) 100vw, 1024px\" \/>\t\t\t\t\t\t\t\t\t\t\t\t\t\t\t<\/div>\n\t\t\t\t<\/div>\n\t\t\t\t\t<\/div>\n\t\t<\/div>\n\t\t\t\t<div class=\"elementor-column elementor-col-33 elementor-top-column elementor-element elementor-element-2175094\" data-id=\"2175094\" data-element_type=\"column\">\n\t\t\t<div class=\"elementor-widget-wrap elementor-element-populated\">\n\t\t\t\t\t\t\t\t<div class=\"elementor-element elementor-element-74d8234 elementor-invisible elementor-widget elementor-widget-image\" data-id=\"74d8234\" data-element_type=\"widget\" data-settings=\"{&quot;_animation&quot;:&quot;slideInRight&quot;}\" data-widget_type=\"image.default\">\n\t\t\t\t<div class=\"elementor-widget-container\">\n\t\t\t\t\t\t\t\t\t\t\t\t\t\t\t<img loading=\"lazy\" decoding=\"async\" width=\"1024\" height=\"768\" src=\"https:\/\/szentbernatalapitvany.hu\/wp-content\/uploads\/2025\/03\/IMG_0706-1024x768.jpeg\" class=\"attachment-large size-large wp-image-1714\" alt=\"\" srcset=\"https:\/\/szentbernatalapitvany.hu\/wp-content\/uploads\/2025\/03\/IMG_0706-1024x768.jpeg 1024w, https:\/\/szentbernatalapitvany.hu\/wp-content\/uploads\/2025\/03\/IMG_0706-300x225.jpeg 300w, https:\/\/szentbernatalapitvany.hu\/wp-content\/uploads\/2025\/03\/IMG_0706-768x576.jpeg 768w, https:\/\/szentbernatalapitvany.hu\/wp-content\/uploads\/2025\/03\/IMG_0706-1536x1152.jpeg 1536w, https:\/\/szentbernatalapitvany.hu\/wp-content\/uploads\/2025\/03\/IMG_0706.jpeg 2048w\" sizes=\"auto, (max-width: 1024px) 100vw, 1024px\" \/>\t\t\t\t\t\t\t\t\t\t\t\t\t\t\t<\/div>\n\t\t\t\t<\/div>\n\t\t\t\t\t<\/div>\n\t\t<\/div>\n\t\t\t\t\t\t\t<\/div>\n\t\t<\/section>\n\t\t\t\t<section class=\"elementor-section elementor-top-section elementor-element elementor-element-12ab72c elementor-section-boxed elementor-section-height-default elementor-section-height-default\" data-id=\"12ab72c\" data-element_type=\"section\" data-settings=\"{&quot;background_background&quot;:&quot;classic&quot;}\">\n\t\t\t\t\t\t<div class=\"elementor-container elementor-column-gap-default\">\n\t\t\t\t\t<div class=\"elementor-column elementor-col-100 elementor-top-column elementor-element elementor-element-8193973\" data-id=\"8193973\" data-element_type=\"column\">\n\t\t\t<div class=\"elementor-widget-wrap elementor-element-populated\">\n\t\t\t\t\t\t\t\t<div class=\"elementor-element elementor-element-fbd2cbd elementor-invisible elementor-widget elementor-widget-text-editor\" data-id=\"fbd2cbd\" data-element_type=\"widget\" data-settings=\"{&quot;_animation&quot;:&quot;fadeInUp&quot;}\" data-widget_type=\"text-editor.default\">\n\t\t\t\t<div class=\"elementor-widget-container\">\n\t\t\t\t\t\t\t<p><b>Az alap\u00edtv\u00e1ny \u00e9s a p\u00e1ly\u00e1z\u00f3k hivatalos keretek k\u00f6z\u00f6tt szerz\u0151d\u00e9st k\u00f6t\u00f6ttek egym\u00e1ssal, amely r\u00f6gz\u00edti az egy\u00fcttm\u0171k\u00f6d\u00e9s felt\u00e9teleit \u00e9s a k\u00f6z\u00f6s c\u00e9lokat. A folyamatos kapcsolattart\u00e1s \u00e9s a tapasztalatok megoszt\u00e1sa \u00e9rdek\u00e9ben rendszeresen tartunk gy\u0171l\u00e9seket, ahol megbesz\u00e9lj\u00fck az eddigi eredm\u00e9nyeket \u00e9s a tov\u00e1bbi teend\u0151ket. A p\u00e1ly\u00e1zat egyik legf\u0151bb c\u00e9lja, hogy a r\u00e9sztvev\u0151k k\u00f6z\u00f6ss\u00e9gi szolg\u00e1latot v\u00e1llaljanak a Pl\u00e9b\u00e1nia t\u00e1mogat\u00e1s\u00e1ra, akt\u00edvan r\u00e9szt v\u00e9ve annak mindennapi \u00e9let\u00e9ben.<\/b><\/p>\t\t\t\t\t\t<\/div>\n\t\t\t\t<\/div>\n\t\t\t\t\t<\/div>\n\t\t<\/div>\n\t\t\t\t\t\t\t<\/div>\n\t\t<\/section>\n\t\t\t\t<section class=\"elementor-section elementor-top-section elementor-element elementor-element-161cf8b elementor-section-boxed elementor-section-height-default elementor-section-height-default\" data-id=\"161cf8b\" data-element_type=\"section\" data-settings=\"{&quot;background_background&quot;:&quot;classic&quot;}\">\n\t\t\t\t\t\t<div class=\"elementor-container elementor-column-gap-default\">\n\t\t\t\t\t<div class=\"elementor-column elementor-col-33 elementor-top-column elementor-element elementor-element-3e74dac\" data-id=\"3e74dac\" data-element_type=\"column\">\n\t\t\t<div class=\"elementor-widget-wrap elementor-element-populated\">\n\t\t\t\t\t\t\t\t<div class=\"elementor-element elementor-element-3dbab88 elementor-invisible elementor-widget elementor-widget-image\" data-id=\"3dbab88\" data-element_type=\"widget\" data-settings=\"{&quot;_animation&quot;:&quot;slideInLeft&quot;}\" data-widget_type=\"image.default\">\n\t\t\t\t<div class=\"elementor-widget-container\">\n\t\t\t\t\t\t\t\t\t\t\t\t\t\t\t<img decoding=\"async\" src=\"https:\/\/szentbernatalapitvany.hu\/wp-content\/uploads\/elementor\/thumbs\/IMG_0703-r2gl6a0jcpvhwd3a2eqc8g8x7izfwwo2mf5a2pmie4.jpeg\" title=\"IMG_0703\" alt=\"IMG_0703\" loading=\"lazy\" \/>\t\t\t\t\t\t\t\t\t\t\t\t\t\t\t<\/div>\n\t\t\t\t<\/div>\n\t\t\t\t\t<\/div>\n\t\t<\/div>\n\t\t\t\t<div class=\"elementor-column elementor-col-33 elementor-top-column elementor-element elementor-element-0ab1748\" data-id=\"0ab1748\" data-element_type=\"column\">\n\t\t\t<div class=\"elementor-widget-wrap elementor-element-populated\">\n\t\t\t\t\t\t\t\t<div class=\"elementor-element elementor-element-77c440b elementor-invisible elementor-widget elementor-widget-image\" data-id=\"77c440b\" data-element_type=\"widget\" data-settings=\"{&quot;_animation&quot;:&quot;slideInUp&quot;}\" data-widget_type=\"image.default\">\n\t\t\t\t<div class=\"elementor-widget-container\">\n\t\t\t\t\t\t\t\t\t\t\t\t\t\t\t<img decoding=\"async\" src=\"https:\/\/szentbernatalapitvany.hu\/wp-content\/uploads\/elementor\/thumbs\/IMG_0702-1-r2gm0glyt76ypl8xtgf2au1rwy7r30hs3takukvel8.jpeg\" title=\"IMG_0702\" alt=\"IMG_0702\" loading=\"lazy\" \/>\t\t\t\t\t\t\t\t\t\t\t\t\t\t\t<\/div>\n\t\t\t\t<\/div>\n\t\t\t\t\t<\/div>\n\t\t<\/div>\n\t\t\t\t<div class=\"elementor-column elementor-col-33 elementor-top-column elementor-element elementor-element-c3701be\" data-id=\"c3701be\" data-element_type=\"column\">\n\t\t\t<div class=\"elementor-widget-wrap\">\n\t\t\t\t\t\t\t\t\t<\/div>\n\t\t<\/div>\n\t\t\t\t\t\t\t<\/div>\n\t\t<\/section>\n\t\t\t\t<section class=\"elementor-section elementor-top-section elementor-element elementor-element-4331e0b elementor-section-boxed elementor-section-height-default elementor-section-height-default\" data-id=\"4331e0b\" data-element_type=\"section\" data-settings=\"{&quot;background_background&quot;:&quot;classic&quot;}\">\n\t\t\t\t\t\t<div class=\"elementor-container elementor-column-gap-default\">\n\t\t\t\t\t<div class=\"elementor-column elementor-col-100 elementor-top-column elementor-element elementor-element-a88330e\" data-id=\"a88330e\" data-element_type=\"column\">\n\t\t\t<div class=\"elementor-widget-wrap elementor-element-populated\">\n\t\t\t\t\t\t\t\t<div class=\"elementor-element elementor-element-8f4665d elementor-invisible elementor-widget elementor-widget-text-editor\" data-id=\"8f4665d\" data-element_type=\"widget\" data-settings=\"{&quot;_animation&quot;:&quot;fadeInUp&quot;}\" data-widget_type=\"text-editor.default\">\n\t\t\t\t<div class=\"elementor-widget-container\">\n\t\t\t\t\t\t\t<p><b>Ennek keret\u00e9ben a di\u00e1kok seg\u00edtettek a Mikul\u00e1snak aj\u00e1nd\u00e9kcsomagokat k\u00e9sz\u00edteni, megk\u00f6nny\u00edtve ezzel a munk\u00e1j\u00e1t, hogy id\u0151ben eljuttathassa azokat a templomba, ahol a gyermekek izgatottan v\u00e1rt\u00e1k.<\/b><\/p>\t\t\t\t\t\t<\/div>\n\t\t\t\t<\/div>\n\t\t\t\t\t<\/div>\n\t\t<\/div>\n\t\t\t\t\t\t\t<\/div>\n\t\t<\/section>\n\t\t\t\t<section class=\"elementor-section elementor-top-section elementor-element elementor-element-823d674 elementor-section-boxed elementor-section-height-default elementor-section-height-default\" data-id=\"823d674\" data-element_type=\"section\" data-settings=\"{&quot;background_background&quot;:&quot;classic&quot;}\">\n\t\t\t\t\t\t<div class=\"elementor-container elementor-column-gap-default\">\n\t\t\t\t\t<div class=\"elementor-column elementor-col-33 elementor-top-column elementor-element elementor-element-e3d99dd\" data-id=\"e3d99dd\" data-element_type=\"column\">\n\t\t\t<div class=\"elementor-widget-wrap elementor-element-populated\">\n\t\t\t\t\t\t\t\t<div class=\"elementor-element elementor-element-25b9d70 elementor-invisible elementor-widget elementor-widget-image\" data-id=\"25b9d70\" data-element_type=\"widget\" data-settings=\"{&quot;_animation&quot;:&quot;slideInLeft&quot;}\" data-widget_type=\"image.default\">\n\t\t\t\t<div class=\"elementor-widget-container\">\n\t\t\t\t\t\t\t\t\t\t\t\t\t\t\t<img decoding=\"async\" src=\"https:\/\/szentbernatalapitvany.hu\/wp-content\/uploads\/elementor\/thumbs\/IMG_0700-r2gldl7cibvs76gzdkhvmltzjey7s5owylt8g6s9zw.jpeg\" title=\"IMG_0700\" alt=\"IMG_0700\" loading=\"lazy\" \/>\t\t\t\t\t\t\t\t\t\t\t\t\t\t\t<\/div>\n\t\t\t\t<\/div>\n\t\t\t\t\t<\/div>\n\t\t<\/div>\n\t\t\t\t<div class=\"elementor-column elementor-col-33 elementor-top-column elementor-element elementor-element-5eafdf1\" data-id=\"5eafdf1\" data-element_type=\"column\">\n\t\t\t<div class=\"elementor-widget-wrap elementor-element-populated\">\n\t\t\t\t\t\t\t\t<div class=\"elementor-element elementor-element-38c3643 elementor-invisible elementor-widget elementor-widget-image\" data-id=\"38c3643\" data-element_type=\"widget\" data-settings=\"{&quot;_animation&quot;:&quot;slideInUp&quot;}\" data-widget_type=\"image.default\">\n\t\t\t\t<div class=\"elementor-widget-container\">\n\t\t\t\t\t\t\t\t\t\t\t\t\t\t\t<img decoding=\"async\" src=\"https:\/\/szentbernatalapitvany.hu\/wp-content\/uploads\/elementor\/thumbs\/IMG_0699-r2gledei7cydvhc0swoopeptcz3872sv2hdsuhmgt8.jpeg\" title=\"IMG_0699\" alt=\"IMG_0699\" loading=\"lazy\" \/>\t\t\t\t\t\t\t\t\t\t\t\t\t\t\t<\/div>\n\t\t\t\t<\/div>\n\t\t\t\t\t<\/div>\n\t\t<\/div>\n\t\t\t\t<div class=\"elementor-column elementor-col-33 elementor-top-column elementor-element elementor-element-de72075\" data-id=\"de72075\" data-element_type=\"column\">\n\t\t\t<div class=\"elementor-widget-wrap elementor-element-populated\">\n\t\t\t\t\t\t\t\t<div class=\"elementor-element elementor-element-6e6fc6b elementor-invisible elementor-widget elementor-widget-image\" data-id=\"6e6fc6b\" data-element_type=\"widget\" data-settings=\"{&quot;_animation&quot;:&quot;slideInRight&quot;}\" data-widget_type=\"image.default\">\n\t\t\t\t<div class=\"elementor-widget-container\">\n\t\t\t\t\t\t\t\t\t\t\t\t\t\t\t<img decoding=\"async\" src=\"https:\/\/szentbernatalapitvany.hu\/wp-content\/uploads\/elementor\/thumbs\/IMG_0701-r2glf2s5bvx4kyb5opnm2qb9edm4ywlm5yzwsyku58.jpeg\" title=\"IMG_0701\" alt=\"IMG_0701\" loading=\"lazy\" \/>\t\t\t\t\t\t\t\t\t\t\t\t\t\t\t<\/div>\n\t\t\t\t<\/div>\n\t\t\t\t\t<\/div>\n\t\t<\/div>\n\t\t\t\t\t\t\t<\/div>\n\t\t<\/section>\n\t\t\t\t<section class=\"elementor-section elementor-top-section elementor-element elementor-element-2d301ef elementor-section-boxed elementor-section-height-default elementor-section-height-default\" data-id=\"2d301ef\" data-element_type=\"section\">\n\t\t\t\t\t\t<div class=\"elementor-container elementor-column-gap-default\">\n\t\t\t\t\t<div class=\"elementor-column elementor-col-100 elementor-top-column elementor-element elementor-element-8126b0d\" data-id=\"8126b0d\" data-element_type=\"column\">\n\t\t\t<div class=\"elementor-widget-wrap elementor-element-populated\">\n\t\t\t\t\t\t\t\t<div class=\"elementor-element elementor-element-3612efd elementor-invisible elementor-widget elementor-widget-text-editor\" data-id=\"3612efd\" data-element_type=\"widget\" data-settings=\"{&quot;_animation&quot;:&quot;fadeInUp&quot;}\" data-widget_type=\"text-editor.default\">\n\t\t\t\t<div class=\"elementor-widget-container\">\n\t\t\t\t\t\t\t<p><b>Ezen t\u00falmen\u0151en nagytakar\u00edt\u00e1st is szervezt\u00fcnk a templomban, amelyben szint\u00e9n akt\u00edvan k\u00f6zrem\u0171k\u00f6dtek a fiatalok, jelent\u0151sen hozz\u00e1j\u00e1rulva Zsolt atya feladatainak megk\u00f6nny\u00edt\u00e9s\u00e9hez \u00e9s a templom tiszt\u00e1n tart\u00e1s\u00e1hoz.<\/b><\/p>\t\t\t\t\t\t<\/div>\n\t\t\t\t<\/div>\n\t\t\t\t\t<\/div>\n\t\t<\/div>\n\t\t\t\t\t\t\t<\/div>\n\t\t<\/section>\n\t\t\t\t\t\t\t<\/div>\n\t\t","protected":false},"excerpt":{"rendered":"<p>P\u00e1ly\u00e1zati besz\u00e1mol\u00f3k Szent Bern\u00e1t Alap\u00edtv\u00e1ny \u00f6szt\u00f6nd\u00edj programk\u00f6z\u00e9piskol\u00e1soknak 2024\/2025 A p\u00e1ly\u00e1zatot \u00f6t di\u00e1k nyerte el: Varga J\u00falia Szigetv\u00e1ri Demeter Horv\u00e1th Andr\u00e1s Feinek Fruzsina Gyulai M\u00e1rton Az alap\u00edtv\u00e1ny \u00e9s a p\u00e1ly\u00e1z\u00f3k hivatalos keretek k\u00f6z\u00f6tt szerz\u0151d\u00e9st k\u00f6t\u00f6ttek egym\u00e1ssal, amely r\u00f6gz\u00edti az egy\u00fcttm\u0171k\u00f6d\u00e9s felt\u00e9teleit \u00e9s a k\u00f6z\u00f6s c\u00e9lokat. A folyamatos kapcsolattart\u00e1s \u00e9s a tapasztalatok megoszt\u00e1sa \u00e9rdek\u00e9ben rendszeresen tartunk gy\u0171l\u00e9seket, &hellip;<\/p>\n<p class=\"read-more\"> <a class=\"\" href=\"https:\/\/szentbernatalapitvany.hu\/?page_id=1709\"> <span class=\"screen-reader-text\">P\u00e1ly\u00e1zati besz\u00e1mol\u00f3k<\/span> Read More &raquo;<\/a><\/p>\n","protected":false},"author":2,"featured_media":0,"parent":0,"menu_order":0,"comment_status":"closed","ping_status":"closed","template":"","meta":{"site-sidebar-layout":"no-sidebar","site-content-layout":"page-builder","ast-global-header-display":"","ast-main-header-display":"","ast-hfb-above-header-display":"","ast-hfb-below-header-display":"","ast-hfb-mobile-header-display":"","site-post-title":"disabled","ast-breadcrumbs-content":"","ast-featured-img":"disabled","footer-sml-layout":"","theme-transparent-header-meta":"default","adv-header-id-meta":"","stick-header-meta":"","header-above-stick-meta":"","header-main-stick-meta":"","header-below-stick-meta":"","footnotes":""},"class_list":["post-1709","page","type-page","status-publish","hentry"],"_links":{"self":[{"href":"https:\/\/szentbernatalapitvany.hu\/index.php?rest_route=\/wp\/v2\/pages\/1709","targetHints":{"allow":["GET"]}}],"collection":[{"href":"https:\/\/szentbernatalapitvany.hu\/index.php?rest_route=\/wp\/v2\/pages"}],"about":[{"href":"https:\/\/szentbernatalapitvany.hu\/index.php?rest_route=\/wp\/v2\/types\/page"}],"author":[{"embeddable":true,"href":"https:\/\/szentbernatalapitvany.hu\/index.php?rest_route=\/wp\/v2\/users\/2"}],"replies":[{"embeddable":true,"href":"https:\/\/szentbernatalapitvany.hu\/index.php?rest_route=%2Fwp%2Fv2%2Fcomments&post=1709"}],"version-history":[{"count":22,"href":"https:\/\/szentbernatalapitvany.hu\/index.php?rest_route=\/wp\/v2\/pages\/1709\/revisions"}],"predecessor-version":[{"id":1752,"href":"https:\/\/szentbernatalapitvany.hu\/index.php?rest_route=\/wp\/v2\/pages\/1709\/revisions\/1752"}],"wp:attachment":[{"href":"https:\/\/szentbernatalapitvany.hu\/index.php?rest_route=%2Fwp%2Fv2%2Fmedia&parent=1709"}],"curies":[{"name":"wp","href":"https:\/\/api.w.org\/{rel}","templated":true}]}}