{"id":1570,"date":"2024-05-16T18:17:01","date_gmt":"2024-05-16T18:17:01","guid":{"rendered":"https:\/\/szentbernatalapitvany.hu\/?page_id=1570"},"modified":"2025-11-16T13:51:38","modified_gmt":"2025-11-16T13:51:38","slug":"kuratorium","status":"publish","type":"page","link":"https:\/\/szentbernatalapitvany.hu\/?page_id=1570","title":{"rendered":"Kurat\u00f3rium"},"content":{"rendered":"\t\t<div data-elementor-type=\"wp-page\" data-elementor-id=\"1570\" class=\"elementor elementor-1570\">\n\t\t\t\t\t\t\t\t\t<section class=\"elementor-section elementor-top-section elementor-element elementor-element-99bf16b elementor-section-height-min-height elementor-section-boxed elementor-section-height-default elementor-section-items-middle\" data-id=\"99bf16b\" data-element_type=\"section\" data-settings=\"{&quot;background_background&quot;:&quot;classic&quot;}\">\n\t\t\t\t\t\t\t<div class=\"elementor-background-overlay\"><\/div>\n\t\t\t\t\t\t\t<div class=\"elementor-container elementor-column-gap-default\">\n\t\t\t\t\t<div class=\"elementor-column elementor-col-100 elementor-top-column elementor-element elementor-element-dd36486\" data-id=\"dd36486\" data-element_type=\"column\">\n\t\t\t<div class=\"elementor-widget-wrap elementor-element-populated\">\n\t\t\t\t\t\t\t\t<div class=\"elementor-element elementor-element-8bcac79 elementor-widget elementor-widget-heading\" data-id=\"8bcac79\" data-element_type=\"widget\" data-widget_type=\"heading.default\">\n\t\t\t\t<div class=\"elementor-widget-container\">\n\t\t\t<style>\/*! elementor - v3.11.2 - 22-02-2023 *\/\n.elementor-heading-title{padding:0;margin:0;line-height:1}.elementor-widget-heading .elementor-heading-title[class*=elementor-size-]>a{color:inherit;font-size:inherit;line-height:inherit}.elementor-widget-heading .elementor-heading-title.elementor-size-small{font-size:15px}.elementor-widget-heading .elementor-heading-title.elementor-size-medium{font-size:19px}.elementor-widget-heading .elementor-heading-title.elementor-size-large{font-size:29px}.elementor-widget-heading .elementor-heading-title.elementor-size-xl{font-size:39px}.elementor-widget-heading .elementor-heading-title.elementor-size-xxl{font-size:59px}<\/style><h1 class=\"elementor-heading-title elementor-size-default\">Kurat\u00f3rium<\/h1>\t\t<\/div>\n\t\t\t\t<\/div>\n\t\t\t\t\t<\/div>\n\t\t<\/div>\n\t\t\t\t\t\t\t<\/div>\n\t\t<\/section>\n\t\t\t\t<section class=\"elementor-section elementor-top-section elementor-element elementor-element-98dcf7a elementor-section-boxed elementor-section-height-default elementor-section-height-default\" data-id=\"98dcf7a\" data-element_type=\"section\" data-settings=\"{&quot;background_background&quot;:&quot;classic&quot;}\">\n\t\t\t\t\t\t<div class=\"elementor-container elementor-column-gap-default\">\n\t\t\t\t\t<div class=\"elementor-column elementor-col-100 elementor-top-column elementor-element elementor-element-e0c4e57\" data-id=\"e0c4e57\" data-element_type=\"column\" data-settings=\"{&quot;background_background&quot;:&quot;classic&quot;}\">\n\t\t\t<div class=\"elementor-widget-wrap elementor-element-populated\">\n\t\t\t\t\t\t\t\t<div class=\"elementor-element elementor-element-a34ce1b elementor-widget elementor-widget-heading\" data-id=\"a34ce1b\" data-element_type=\"widget\" data-widget_type=\"heading.default\">\n\t\t\t\t<div class=\"elementor-widget-container\">\n\t\t\t<h2 class=\"elementor-heading-title elementor-size-default\"><span style=\"color: rgba(82, 104, 64, 0.75); font-family: &quot;DM Sans&quot;, sans-serif; font-size: 24px; letter-spacing: normal; white-space-collapse: collapse;\">Kurat\u00f3riumi jegyz\u0151k\u00f6nyvek<\/span><\/h2>\t\t<\/div>\n\t\t\t\t<\/div>\n\t\t\t\t<div class=\"elementor-element elementor-element-8a04f9b elementor-widget elementor-widget-text-editor\" data-id=\"8a04f9b\" data-element_type=\"widget\" data-widget_type=\"text-editor.default\">\n\t\t\t\t<div class=\"elementor-widget-container\">\n\t\t\t<style>\/*! elementor - v3.11.2 - 22-02-2023 *\/\n.elementor-widget-text-editor.elementor-drop-cap-view-stacked .elementor-drop-cap{background-color:#818a91;color:#fff}.elementor-widget-text-editor.elementor-drop-cap-view-framed .elementor-drop-cap{color:#818a91;border:3px solid;background-color:transparent}.elementor-widget-text-editor:not(.elementor-drop-cap-view-default) .elementor-drop-cap{margin-top:8px}.elementor-widget-text-editor:not(.elementor-drop-cap-view-default) .elementor-drop-cap-letter{width:1em;height:1em}.elementor-widget-text-editor .elementor-drop-cap{float:left;text-align:center;line-height:1;font-size:50px}.elementor-widget-text-editor .elementor-drop-cap-letter{display:inline-block}<\/style>\t\t\t\t<p>Az \u00e1tl\u00e1that\u00f3s\u00e1g k\u00fcl\u00f6nleges jelent\u0151s\u00e9ggel b\u00edr minden olyan szervezetben, amely a k\u00f6z\u00e9rdeket szolg\u00e1lja, mint ahogy a mi kurat\u00f3riumunk is teszi. Ezen alapelv ment\u00e9n k\u00f6telezetts\u00e9get v\u00e1llalunk arra, hogy minden, a kurat\u00f3rium \u00e1ltal hozott d\u00f6nt\u00e9st dokument\u00e1l\u00f3 jegyz\u0151k\u00f6nyvet nyilv\u00e1noss\u00e1gra hozzunk.<\/p>\t\t\t\t\t\t<\/div>\n\t\t\t\t<\/div>\n\t\t\t\t\t<\/div>\n\t\t<\/div>\n\t\t\t\t\t\t\t<\/div>\n\t\t<\/section>\n\t\t\t\t<section class=\"elementor-section elementor-top-section elementor-element elementor-element-7c01ebb elementor-section-boxed elementor-section-height-default elementor-section-height-default\" data-id=\"7c01ebb\" data-element_type=\"section\" data-settings=\"{&quot;background_background&quot;:&quot;classic&quot;}\">\n\t\t\t\t\t\t<div class=\"elementor-container elementor-column-gap-default\">\n\t\t\t\t\t<div class=\"elementor-column elementor-col-50 elementor-top-column elementor-element elementor-element-1cd366c\" data-id=\"1cd366c\" data-element_type=\"column\">\n\t\t\t<div class=\"elementor-widget-wrap elementor-element-populated\">\n\t\t\t\t\t\t\t\t<div class=\"elementor-element elementor-element-0c998ed elementor-align-center elementor-invisible elementor-widget elementor-widget-button\" data-id=\"0c998ed\" data-element_type=\"widget\" data-settings=\"{&quot;_animation&quot;:&quot;zoomInLeft&quot;}\" data-widget_type=\"button.default\">\n\t\t\t\t<div class=\"elementor-widget-container\">\n\t\t\t\t\t<div class=\"elementor-button-wrapper\">\n\t\t\t<a href=\"https:\/\/szentbernatalapitvany.hu\/wp-content\/uploads\/2024\/05\/20230530-jegyzokony.pdf\" target=\"_blank\" class=\"elementor-button-link elementor-button elementor-size-lg elementor-animation-grow\" role=\"button\">\n\t\t\t\t\t\t<span class=\"elementor-button-content-wrapper\">\n\t\t\t\t\t\t<span class=\"elementor-button-text\">Jegyz\u0151k\u00f6nyv - 2023.05.30<\/span>\n\t\t<\/span>\n\t\t\t\t\t<\/a>\n\t\t<\/div>\n\t\t\t\t<\/div>\n\t\t\t\t<\/div>\n\t\t\t\t<div class=\"elementor-element elementor-element-b42bf64 elementor-align-center elementor-invisible elementor-widget elementor-widget-button\" data-id=\"b42bf64\" data-element_type=\"widget\" data-settings=\"{&quot;_animation&quot;:&quot;zoomInLeft&quot;}\" data-widget_type=\"button.default\">\n\t\t\t\t<div class=\"elementor-widget-container\">\n\t\t\t\t\t<div class=\"elementor-button-wrapper\">\n\t\t\t<a href=\"https:\/\/szentbernatalapitvany.hu\/wp-content\/uploads\/2024\/10\/20240618-jegyzokonyv.pdf\" class=\"elementor-button-link elementor-button elementor-size-sm\" role=\"button\">\n\t\t\t\t\t\t<span class=\"elementor-button-content-wrapper\">\n\t\t\t\t\t\t<span class=\"elementor-button-text\">Jegyz\u0151k\u00f6nyv - 2024.06.18<\/span>\n\t\t<\/span>\n\t\t\t\t\t<\/a>\n\t\t<\/div>\n\t\t\t\t<\/div>\n\t\t\t\t<\/div>\n\t\t\t\t\t<\/div>\n\t\t<\/div>\n\t\t\t\t<div class=\"elementor-column elementor-col-50 elementor-top-column elementor-element elementor-element-ee00bbf\" data-id=\"ee00bbf\" data-element_type=\"column\">\n\t\t\t<div class=\"elementor-widget-wrap elementor-element-populated\">\n\t\t\t\t\t\t\t\t<div class=\"elementor-element elementor-element-1786afe elementor-align-center elementor-invisible elementor-widget elementor-widget-button\" data-id=\"1786afe\" data-element_type=\"widget\" data-settings=\"{&quot;_animation&quot;:&quot;zoomInRight&quot;}\" data-widget_type=\"button.default\">\n\t\t\t\t<div class=\"elementor-widget-container\">\n\t\t\t\t\t<div class=\"elementor-button-wrapper\">\n\t\t\t<a href=\"https:\/\/szentbernatalapitvany.hu\/wp-content\/uploads\/2024\/05\/20231114-jegyzokony.pdf\" class=\"elementor-button-link elementor-button elementor-size-lg elementor-animation-grow\" role=\"button\">\n\t\t\t\t\t\t<span class=\"elementor-button-content-wrapper\">\n\t\t\t\t\t\t<span class=\"elementor-button-text\">Jegyz\u0151k\u00f6nyv - 2023.11.14<\/span>\n\t\t<\/span>\n\t\t\t\t\t<\/a>\n\t\t<\/div>\n\t\t\t\t<\/div>\n\t\t\t\t<\/div>\n\t\t\t\t\t<\/div>\n\t\t<\/div>\n\t\t\t\t\t\t\t<\/div>\n\t\t<\/section>\n\t\t\t\t<section class=\"elementor-section elementor-top-section elementor-element elementor-element-b1e25be elementor-section-boxed elementor-section-height-default elementor-section-height-default\" data-id=\"b1e25be\" data-element_type=\"section\" data-settings=\"{&quot;background_background&quot;:&quot;classic&quot;}\">\n\t\t\t\t\t\t<div class=\"elementor-container elementor-column-gap-default\">\n\t\t\t\t\t<div class=\"elementor-column elementor-col-100 elementor-top-column elementor-element elementor-element-d41f924\" data-id=\"d41f924\" data-element_type=\"column\">\n\t\t\t<div class=\"elementor-widget-wrap elementor-element-populated\">\n\t\t\t\t\t\t\t\t\t<\/div>\n\t\t<\/div>\n\t\t\t\t\t\t\t<\/div>\n\t\t<\/section>\n\t\t\t\t<section class=\"elementor-section elementor-top-section elementor-element elementor-element-9e1c83b elementor-section-boxed elementor-section-height-default elementor-section-height-default\" data-id=\"9e1c83b\" data-element_type=\"section\" data-settings=\"{&quot;background_background&quot;:&quot;classic&quot;}\">\n\t\t\t\t\t\t<div class=\"elementor-container elementor-column-gap-default\">\n\t\t\t\t\t<div class=\"elementor-column elementor-col-100 elementor-top-column elementor-element elementor-element-ba22fae\" data-id=\"ba22fae\" data-element_type=\"column\">\n\t\t\t<div class=\"elementor-widget-wrap elementor-element-populated\">\n\t\t\t\t\t\t\t\t<div class=\"elementor-element elementor-element-40a4dbf elementor-widget elementor-widget-heading\" data-id=\"40a4dbf\" data-element_type=\"widget\" data-widget_type=\"heading.default\">\n\t\t\t\t<div class=\"elementor-widget-container\">\n\t\t\t<h2 class=\"elementor-heading-title elementor-size-medium\"><span style=\"color: rgba(82, 104, 64, 0.75); font-family: &quot;DM Sans&quot;, sans-serif; font-size: 24px; letter-spacing: normal; white-space-collapse: collapse;\">P\u00e9nz\u00fcgyi besz\u00e1mol\u00f3k<\/span><\/h2>\t\t<\/div>\n\t\t\t\t<\/div>\n\t\t\t\t\t<\/div>\n\t\t<\/div>\n\t\t\t\t\t\t\t<\/div>\n\t\t<\/section>\n\t\t\t\t<section class=\"elementor-section elementor-top-section elementor-element elementor-element-f3a677d elementor-section-boxed elementor-section-height-default elementor-section-height-default\" data-id=\"f3a677d\" data-element_type=\"section\" data-settings=\"{&quot;background_background&quot;:&quot;classic&quot;}\">\n\t\t\t\t\t\t<div class=\"elementor-container elementor-column-gap-default\">\n\t\t\t\t\t<div class=\"elementor-column elementor-col-50 elementor-top-column elementor-element elementor-element-f8574d8\" data-id=\"f8574d8\" data-element_type=\"column\">\n\t\t\t<div class=\"elementor-widget-wrap elementor-element-populated\">\n\t\t\t\t\t\t\t\t<div class=\"elementor-element elementor-element-5854271 elementor-align-center elementor-invisible elementor-widget elementor-widget-button\" data-id=\"5854271\" data-element_type=\"widget\" data-settings=\"{&quot;_animation&quot;:&quot;zoomInLeft&quot;}\" data-widget_type=\"button.default\">\n\t\t\t\t<div class=\"elementor-widget-container\">\n\t\t\t\t\t<div class=\"elementor-button-wrapper\">\n\t\t\t<a href=\"https:\/\/szentbernatalapitvany.hu\/wp-content\/uploads\/2025\/03\/2022-beszamolo.pdf\" class=\"elementor-button-link elementor-button elementor-size-sm\" role=\"button\">\n\t\t\t\t\t\t<span class=\"elementor-button-content-wrapper\">\n\t\t\t\t\t\t<span class=\"elementor-button-text\">Besz\u00e1mol\u00f3 - 2022<\/span>\n\t\t<\/span>\n\t\t\t\t\t<\/a>\n\t\t<\/div>\n\t\t\t\t<\/div>\n\t\t\t\t<\/div>\n\t\t\t\t\t<\/div>\n\t\t<\/div>\n\t\t\t\t<div class=\"elementor-column elementor-col-50 elementor-top-column elementor-element elementor-element-4d8a84c\" data-id=\"4d8a84c\" data-element_type=\"column\">\n\t\t\t<div class=\"elementor-widget-wrap elementor-element-populated\">\n\t\t\t\t\t\t\t\t<div class=\"elementor-element elementor-element-2814dcd elementor-align-center elementor-invisible elementor-widget elementor-widget-button\" data-id=\"2814dcd\" data-element_type=\"widget\" data-settings=\"{&quot;_animation&quot;:&quot;zoomInLeft&quot;}\" data-widget_type=\"button.default\">\n\t\t\t\t<div class=\"elementor-widget-container\">\n\t\t\t\t\t<div class=\"elementor-button-wrapper\">\n\t\t\t<a href=\"https:\/\/szentbernatalapitvany.hu\/wp-content\/uploads\/2025\/03\/2023-bezsamolo.pdf\" class=\"elementor-button-link elementor-button elementor-size-sm\" role=\"button\">\n\t\t\t\t\t\t<span class=\"elementor-button-content-wrapper\">\n\t\t\t\t\t\t<span class=\"elementor-button-text\">Besz\u00e1mol\u00f3 - 2023<\/span>\n\t\t<\/span>\n\t\t\t\t\t<\/a>\n\t\t<\/div>\n\t\t\t\t<\/div>\n\t\t\t\t<\/div>\n\t\t\t\t\t<\/div>\n\t\t<\/div>\n\t\t\t\t\t\t\t<\/div>\n\t\t<\/section>\n\t\t\t\t<section class=\"elementor-section elementor-top-section elementor-element elementor-element-b5b8532 elementor-section-boxed elementor-section-height-default elementor-section-height-default\" data-id=\"b5b8532\" data-element_type=\"section\" data-settings=\"{&quot;background_background&quot;:&quot;classic&quot;}\">\n\t\t\t\t\t\t<div class=\"elementor-container elementor-column-gap-default\">\n\t\t\t\t\t<div class=\"elementor-column elementor-col-50 elementor-top-column elementor-element elementor-element-ce38a86\" data-id=\"ce38a86\" data-element_type=\"column\">\n\t\t\t<div class=\"elementor-widget-wrap elementor-element-populated\">\n\t\t\t\t\t\t\t\t<div class=\"elementor-element elementor-element-97b6f5d elementor-align-center elementor-invisible elementor-widget elementor-widget-button\" data-id=\"97b6f5d\" data-element_type=\"widget\" data-settings=\"{&quot;_animation&quot;:&quot;zoomInLeft&quot;}\" data-widget_type=\"button.default\">\n\t\t\t\t<div class=\"elementor-widget-container\">\n\t\t\t\t\t<div class=\"elementor-button-wrapper\">\n\t\t\t<a href=\"https:\/\/szentbernatalapitvany.hu\/wp-content\/uploads\/2025\/11\/2024-beszamolo.pdf\" class=\"elementor-button-link elementor-button elementor-size-sm\" role=\"button\">\n\t\t\t\t\t\t<span class=\"elementor-button-content-wrapper\">\n\t\t\t\t\t\t<span class=\"elementor-button-text\">Besz\u00e1mol\u00f3 - 2024<\/span>\n\t\t<\/span>\n\t\t\t\t\t<\/a>\n\t\t<\/div>\n\t\t\t\t<\/div>\n\t\t\t\t<\/div>\n\t\t\t\t\t<\/div>\n\t\t<\/div>\n\t\t\t\t<div class=\"elementor-column elementor-col-50 elementor-top-column elementor-element elementor-element-a97537e\" data-id=\"a97537e\" data-element_type=\"column\">\n\t\t\t<div class=\"elementor-widget-wrap\">\n\t\t\t\t\t\t\t\t\t<\/div>\n\t\t<\/div>\n\t\t\t\t\t\t\t<\/div>\n\t\t<\/section>\n\t\t\t\t<section class=\"elementor-section elementor-top-section elementor-element elementor-element-671cb6a elementor-section-boxed elementor-section-height-default elementor-section-height-default\" data-id=\"671cb6a\" data-element_type=\"section\" data-settings=\"{&quot;background_background&quot;:&quot;classic&quot;}\">\n\t\t\t\t\t\t<div class=\"elementor-container elementor-column-gap-default\">\n\t\t\t\t\t<div class=\"elementor-column elementor-col-100 elementor-top-column elementor-element elementor-element-5b87429\" data-id=\"5b87429\" data-element_type=\"column\">\n\t\t\t<div class=\"elementor-widget-wrap elementor-element-populated\">\n\t\t\t\t\t\t\t\t\t<\/div>\n\t\t<\/div>\n\t\t\t\t\t\t\t<\/div>\n\t\t<\/section>\n\t\t\t\t\t\t\t<\/div>\n\t\t","protected":false},"excerpt":{"rendered":"<p>Kurat\u00f3rium Kurat\u00f3riumi jegyz\u0151k\u00f6nyvek Az \u00e1tl\u00e1that\u00f3s\u00e1g k\u00fcl\u00f6nleges jelent\u0151s\u00e9ggel b\u00edr minden olyan szervezetben, amely a k\u00f6z\u00e9rdeket szolg\u00e1lja, mint ahogy a mi kurat\u00f3riumunk is teszi. Ezen alapelv ment\u00e9n k\u00f6telezetts\u00e9get v\u00e1llalunk arra, hogy minden, a kurat\u00f3rium \u00e1ltal hozott d\u00f6nt\u00e9st dokument\u00e1l\u00f3 jegyz\u0151k\u00f6nyvet nyilv\u00e1noss\u00e1gra hozzunk. Jegyz\u0151k\u00f6nyv &#8211; 2023.05.30 Jegyz\u0151k\u00f6nyv &#8211; 2024.06.18 Jegyz\u0151k\u00f6nyv &#8211; 2023.11.14 P\u00e9nz\u00fcgyi besz\u00e1mol\u00f3k Besz\u00e1mol\u00f3 &#8211; 2022 Besz\u00e1mol\u00f3 &#8211; &hellip;<\/p>\n<p class=\"read-more\"> <a class=\"\" href=\"https:\/\/szentbernatalapitvany.hu\/?page_id=1570\"> <span class=\"screen-reader-text\">Kurat\u00f3rium<\/span> Read More &raquo;<\/a><\/p>\n","protected":false},"author":2,"featured_media":0,"parent":0,"menu_order":0,"comment_status":"closed","ping_status":"closed","template":"","meta":{"site-sidebar-layout":"no-sidebar","site-content-layout":"page-builder","ast-global-header-display":"","ast-main-header-display":"","ast-hfb-above-header-display":"","ast-hfb-below-header-display":"","ast-hfb-mobile-header-display":"","site-post-title":"disabled","ast-breadcrumbs-content":"","ast-featured-img":"disabled","footer-sml-layout":"","theme-transparent-header-meta":"","adv-header-id-meta":"","stick-header-meta":"","header-above-stick-meta":"","header-main-stick-meta":"","header-below-stick-meta":"","footnotes":""},"class_list":["post-1570","page","type-page","status-publish","hentry"],"_links":{"self":[{"href":"https:\/\/szentbernatalapitvany.hu\/index.php?rest_route=\/wp\/v2\/pages\/1570","targetHints":{"allow":["GET"]}}],"collection":[{"href":"https:\/\/szentbernatalapitvany.hu\/index.php?rest_route=\/wp\/v2\/pages"}],"about":[{"href":"https:\/\/szentbernatalapitvany.hu\/index.php?rest_route=\/wp\/v2\/types\/page"}],"author":[{"embeddable":true,"href":"https:\/\/szentbernatalapitvany.hu\/index.php?rest_route=\/wp\/v2\/users\/2"}],"replies":[{"embeddable":true,"href":"https:\/\/szentbernatalapitvany.hu\/index.php?rest_route=%2Fwp%2Fv2%2Fcomments&post=1570"}],"version-history":[{"count":27,"href":"https:\/\/szentbernatalapitvany.hu\/index.php?rest_route=\/wp\/v2\/pages\/1570\/revisions"}],"predecessor-version":[{"id":1790,"href":"https:\/\/szentbernatalapitvany.hu\/index.php?rest_route=\/wp\/v2\/pages\/1570\/revisions\/1790"}],"wp:attachment":[{"href":"https:\/\/szentbernatalapitvany.hu\/index.php?rest_route=%2Fwp%2Fv2%2Fmedia&parent=1570"}],"curies":[{"name":"wp","href":"https:\/\/api.w.org\/{rel}","templated":true}]}}